{"id":266,"date":"2025-10-07T22:21:50","date_gmt":"2025-10-07T19:21:50","guid":{"rendered":"http:\/\/localhost:8888\/kres\/?page_id=266"},"modified":"2025-10-07T22:26:35","modified_gmt":"2025-10-07T19:26:35","slug":"hakkimizda-2","status":"publish","type":"page","link":"https:\/\/boztepepembekosk.com\/index.php\/hakkimizda-2\/","title":{"rendered":"Hakk\u0131m\u0131zda"},"content":{"rendered":"\t\t<div data-elementor-type=\"wp-page\" data-elementor-id=\"266\" class=\"elementor elementor-266\">\n\t\t\t\t<div class=\"elementor-element elementor-element-34f8fad e-flex e-con-boxed e-con e-parent\" data-id=\"34f8fad\" data-element_type=\"container\" data-e-type=\"container\">\n\t\t\t\t\t<div class=\"e-con-inner\">\n\t\t\t\t<div class=\"elementor-element elementor-element-c11206a elementor-widget elementor-widget-ucaddon_uc_card_post_carousel\" data-id=\"c11206a\" data-element_type=\"widget\" data-e-type=\"widget\" data-widget_type=\"ucaddon_uc_card_post_carousel.default\">\n\t\t\t\t<div class=\"elementor-widget-container\">\n\t\t\t\t\t\n<!-- start Post Carousel Lite -->\n\t\t<link id='font-awesome-css' href='https:\/\/boztepepembekosk.com\/wp-content\/plugins\/unlimited-elements-for-elementor\/assets_libraries\/font-awesome6\/fontawesome-all.min.css' type='text\/css' rel='stylesheet' >\n\t\t<link id='font-awesome-4-shim-css' href='https:\/\/boztepepembekosk.com\/wp-content\/plugins\/unlimited-elements-for-elementor\/assets_libraries\/font-awesome6\/fontawesome-v4-shims.min.css' type='text\/css' rel='stylesheet' >\n\t\t<link id='owl-carousel-css' href='https:\/\/boztepepembekosk.com\/wp-content\/plugins\/unlimited-elements-for-elementor\/assets_libraries\/owl-carousel-new\/assets\/owl.carousel.css' type='text\/css' rel='stylesheet' >\n\n<style>\/* widget: Post Carousel Lite *\/\n\n#uc_uc_card_post_carousel_elementor_c11206a *{\n  box-sizing:border-box;\n}\n#uc_uc_card_post_carousel_elementor_c11206a{\n  position:relative;\n  min-height:1px;\n}\n#uc_uc_card_post_carousel_elementor_c11206a .uc_image_carousel_content{\n\ttext-align:left;\n    display: flex;\n     flex-flow: column nowrap;\n}\n#uc_uc_card_post_carousel_elementor_c11206a .ue_post_carousel_item\n{\n  overflow:hidden;\n  \n}\n#uc_uc_card_post_carousel_elementor_c11206a .uc_image_carousel_bg {\n  background-repeat: no-repeat;\n}\n#uc_uc_card_post_carousel_elementor_c11206a .uc_image_carousel_placeholder a{\n  width:100%;\n}\n#uc_uc_card_post_carousel_elementor_c11206a .uc_image_carousel_bg{\n  width:100%;\n}\n#uc_uc_card_post_carousel_elementor_c11206a .uc_image_carousel_placeholder{\n  overflow:hidden;\n}\n\n#uc_uc_card_post_carousel_elementor_c11206a .ue_post_btn_holder\n{\n  margin-top:auto;\n}\n\n#uc_uc_card_post_carousel_elementor_c11206a .uc_more_btn{\n\n  display:inline-block;\n  text-align:center;\n  text-decoration:none;\n} \n\n.uc_overlay_image_carousel .uc_more_btn{\n  text-decoration:none;\n  display:inline-block;\n}\n\n.uc_overlay_image_carousel .uc_post_title{\n  font-size:21px;\n  text-decoration:none;\n}\n\n#uc_uc_card_post_carousel_elementor_c11206a .owl-nav .owl-prev{\n    position:absolute;\n    display:inline-block;\n    text-align:center;\n}\n#uc_uc_card_post_carousel_elementor_c11206a .owl-nav .owl-next{\n  position:absolute;\n  display:inline-block;\n  text-align:center;\n}\n\n\n#uc_uc_card_post_carousel_elementor_c11206a .owl-dots {\noverflow:hidden;\ndisplay:true !important;\ntext-align:center;\n}\n\n#uc_uc_card_post_carousel_elementor_c11206a .owl-dot {\nborder-radius:50%;\ndisplay:inline-block;\n}\n\t#uc_uc_card_post_carousel_elementor_c11206a .owl-stage\n        {\n            transition-timing-function: linear!important;\n        }\n\n\n\n<\/style>\n\n<div class=\"uc_overlay_image_carousel  \" id=\"uc_uc_card_post_carousel_elementor_c11206a\" data-custom-sethtml=\"true\" >\n   <div class=\"uc_carousel owl-carousel owl-theme uc-items-wrapper\">\n   \t\t<div id=\"uc_uc_card_post_carousel_elementor_c11206a_item1\" class=\"uc_image_carousel_container_holder ue_post_carousel_item ue-Genel\">\n  <div class=\"uc_image_carousel_placeholder\">\n    <a href=\"https:\/\/boztepepembekosk.com\/index.php\/2026\/04\/30\/poweriso-crack-product-key-full-x32-x64-windows-github\/\"><div class=\"uc_image_carousel_bg\" style=\"background-image:url(https:\/\/boztepepembekosk.com\/wp-content\/uploads\/ac_assets\/uc_card_post_carousel\/\/no-image.png); background-position:center;\"><\/div><\/a>\n  <\/div>\n\n  <div class=\"uc_image_carousel_content\" >\n                <a href=\"https:\/\/boztepepembekosk.com\/index.php\/2026\/04\/30\/poweriso-crack-product-key-full-x32-x64-windows-github\/\" style=\"text-decoration:none;\"><div class=\"uc_post_title\" style=\"text-decoration:none;\">PowerISO Crack + Product Key [Full] [x32-x64] [Windows] GitHub<\/div><\/a>    <div class=\"ue_post_intro\">\ud83d\udee1\ufe0f Checksum: d013eeeb25b2c6695832d9d8067c7c79\n\u23f0 Updated on: 2026-04-25\n\n\n\nVerify\n\n\n\n\n\nProcessor: 1 GHz...<\/div>    \n    <div class=\"ue_post_btn_holder\"><a class=\"uc_more_btn ue-dynamic-popup-single \" href='https:\/\/boztepepembekosk.com\/index.php\/2026\/04\/30\/poweriso-crack-product-key-full-x32-x64-windows-github\/' href=\"https:\/\/boztepepembekosk.com\/index.php\/2026\/04\/30\/poweriso-crack-product-key-full-x32-x64-windows-github\/\" target=\"_self\">Devam\u0131n\u0131 oku<\/a><\/div>    \n  <\/div>\n  \n    \n<\/div>\n<div id=\"uc_uc_card_post_carousel_elementor_c11206a_item2\" class=\"uc_image_carousel_container_holder ue_post_carousel_item ue-Genel\">\n  <div class=\"uc_image_carousel_placeholder\">\n    <a href=\"https:\/\/boztepepembekosk.com\/index.php\/2026\/04\/30\/objectdock-crack-for-pc-100-worked-patch-2026\/\"><div class=\"uc_image_carousel_bg\" style=\"background-image:url(https:\/\/boztepepembekosk.com\/wp-content\/uploads\/ac_assets\/uc_card_post_carousel\/\/no-image.png); background-position:center;\"><\/div><\/a>\n  <\/div>\n\n  <div class=\"uc_image_carousel_content\" >\n                <a href=\"https:\/\/boztepepembekosk.com\/index.php\/2026\/04\/30\/objectdock-crack-for-pc-100-worked-patch-2026\/\" style=\"text-decoration:none;\"><div class=\"uc_post_title\" style=\"text-decoration:none;\">ObjectDock Crack for PC [100% Worked] Patch 2026<\/div><\/a>    <div class=\"ue_post_intro\">\ud83d\udcca File Hash: 762985e2016fcb098be6e84f25ef447eLast update: 2026-04-23\n\n\n\nVerify\n\n\n\n\n\nProcessor: At least...<\/div>    \n    <div class=\"ue_post_btn_holder\"><a class=\"uc_more_btn ue-dynamic-popup-single \" href='https:\/\/boztepepembekosk.com\/index.php\/2026\/04\/30\/objectdock-crack-for-pc-100-worked-patch-2026\/' href=\"https:\/\/boztepepembekosk.com\/index.php\/2026\/04\/30\/objectdock-crack-for-pc-100-worked-patch-2026\/\" target=\"_self\">Devam\u0131n\u0131 oku<\/a><\/div>    \n  <\/div>\n  \n    \n<\/div>\n<div id=\"uc_uc_card_post_carousel_elementor_c11206a_item3\" class=\"uc_image_carousel_container_holder ue_post_carousel_item ue-Genel\">\n  <div class=\"uc_image_carousel_placeholder\">\n    <a href=\"https:\/\/boztepepembekosk.com\/index.php\/2026\/04\/29\/pc-services-optimizer-licenseactivated-full-x64-windows-11-reddit\/\"><div class=\"uc_image_carousel_bg\" style=\"background-image:url(https:\/\/boztepepembekosk.com\/wp-content\/uploads\/ac_assets\/uc_card_post_carousel\/\/no-image.png); background-position:center;\"><\/div><\/a>\n  <\/div>\n\n  <div class=\"uc_image_carousel_content\" >\n                <a href=\"https:\/\/boztepepembekosk.com\/index.php\/2026\/04\/29\/pc-services-optimizer-licenseactivated-full-x64-windows-11-reddit\/\" style=\"text-decoration:none;\"><div class=\"uc_post_title\" style=\"text-decoration:none;\">PC Services Optimizer License[Activated] Full [x64] Windows 11 Reddit<\/div><\/a>    <div class=\"ue_post_intro\">\ud83e\uddee Hash-code:5042b6c91a8289f588d5ce192608e037\n\ud83d\udcc6 2026-04-23\n\n\n\nVerify\n\n\n\n\n\nProcessor: 1+ GHz for cracks\nRAM:...<\/div>    \n    <div class=\"ue_post_btn_holder\"><a class=\"uc_more_btn ue-dynamic-popup-single \" href='https:\/\/boztepepembekosk.com\/index.php\/2026\/04\/29\/pc-services-optimizer-licenseactivated-full-x64-windows-11-reddit\/' href=\"https:\/\/boztepepembekosk.com\/index.php\/2026\/04\/29\/pc-services-optimizer-licenseactivated-full-x64-windows-11-reddit\/\" target=\"_self\">Devam\u0131n\u0131 oku<\/a><\/div>    \n  <\/div>\n  \n    \n<\/div>\n<div id=\"uc_uc_card_post_carousel_elementor_c11206a_item4\" class=\"uc_image_carousel_container_holder ue_post_carousel_item ue-Genel\">\n  <div class=\"uc_image_carousel_placeholder\">\n    <a href=\"https:\/\/boztepepembekosk.com\/index.php\/2026\/04\/29\/teamviewer-2024-portable-for-pc-universal-lifetime-multilingual\/\"><div class=\"uc_image_carousel_bg\" style=\"background-image:url(https:\/\/boztepepembekosk.com\/wp-content\/uploads\/ac_assets\/uc_card_post_carousel\/\/no-image.png); background-position:center;\"><\/div><\/a>\n  <\/div>\n\n  <div class=\"uc_image_carousel_content\" >\n                <a href=\"https:\/\/boztepepembekosk.com\/index.php\/2026\/04\/29\/teamviewer-2024-portable-for-pc-universal-lifetime-multilingual\/\" style=\"text-decoration:none;\"><div class=\"uc_post_title\" style=\"text-decoration:none;\">TeamViewer 2024 Portable for PC Universal [Lifetime] Multilingual<\/div><\/a>    <div class=\"ue_post_intro\">\ud83d\udd0d Hash-sum: 5e99bd9230c1f2caf16b721f7d8c0585\n\ud83d\udd53 Last update: 2026-04-27\n\n\n\nVerify\n\n\n\n\n\nProcessor: 1+ GHz...<\/div>    \n    <div class=\"ue_post_btn_holder\"><a class=\"uc_more_btn ue-dynamic-popup-single \" href='https:\/\/boztepepembekosk.com\/index.php\/2026\/04\/29\/teamviewer-2024-portable-for-pc-universal-lifetime-multilingual\/' href=\"https:\/\/boztepepembekosk.com\/index.php\/2026\/04\/29\/teamviewer-2024-portable-for-pc-universal-lifetime-multilingual\/\" target=\"_self\">Devam\u0131n\u0131 oku<\/a><\/div>    \n  <\/div>\n  \n    \n<\/div>\n<div id=\"uc_uc_card_post_carousel_elementor_c11206a_item5\" class=\"uc_image_carousel_container_holder ue_post_carousel_item ue-Genel\">\n  <div class=\"uc_image_carousel_placeholder\">\n    <a href=\"https:\/\/boztepepembekosk.com\/index.php\/2026\/04\/29\/able2extract-professional-freeactivated-100-worked-latest-2026\/\"><div class=\"uc_image_carousel_bg\" style=\"background-image:url(https:\/\/boztepepembekosk.com\/wp-content\/uploads\/ac_assets\/uc_card_post_carousel\/\/no-image.png); background-position:center;\"><\/div><\/a>\n  <\/div>\n\n  <div class=\"uc_image_carousel_content\" >\n                <a href=\"https:\/\/boztepepembekosk.com\/index.php\/2026\/04\/29\/able2extract-professional-freeactivated-100-worked-latest-2026\/\" style=\"text-decoration:none;\"><div class=\"uc_post_title\" style=\"text-decoration:none;\">Able2Extract Professional Free[Activated] 100% Worked [Latest] 2026<\/div><\/a>    <div class=\"ue_post_intro\">\ud83d\udd12 Hash checksum:4d1011390108e2ad3d8f580e7b715fc8\n\ud83d\udcc6 Last updated: 2026-04-24\n\n\n\nVerify\n\n\n\n\n\nProcessor:...<\/div>    \n    <div class=\"ue_post_btn_holder\"><a class=\"uc_more_btn ue-dynamic-popup-single \" href='https:\/\/boztepepembekosk.com\/index.php\/2026\/04\/29\/able2extract-professional-freeactivated-100-worked-latest-2026\/' href=\"https:\/\/boztepepembekosk.com\/index.php\/2026\/04\/29\/able2extract-professional-freeactivated-100-worked-latest-2026\/\" target=\"_self\">Devam\u0131n\u0131 oku<\/a><\/div>    \n  <\/div>\n  \n    \n<\/div>\n<div id=\"uc_uc_card_post_carousel_elementor_c11206a_item6\" class=\"uc_image_carousel_container_holder ue_post_carousel_item ue-Genel\">\n  <div class=\"uc_image_carousel_placeholder\">\n    <a href=\"https:\/\/boztepepembekosk.com\/index.php\/2026\/04\/29\/ccleaner-premium-portable-exe-latest-x32-x64-no-virus-filecr\/\"><div class=\"uc_image_carousel_bg\" style=\"background-image:url(https:\/\/boztepepembekosk.com\/wp-content\/uploads\/ac_assets\/uc_card_post_carousel\/\/no-image.png); background-position:center;\"><\/div><\/a>\n  <\/div>\n\n  <div class=\"uc_image_carousel_content\" >\n                <a href=\"https:\/\/boztepepembekosk.com\/index.php\/2026\/04\/29\/ccleaner-premium-portable-exe-latest-x32-x64-no-virus-filecr\/\" style=\"text-decoration:none;\"><div class=\"uc_post_title\" style=\"text-decoration:none;\">CCleaner premium Portable exe Latest [x32-x64] [no Virus] FileCR<\/div><\/a>    <div class=\"ue_post_intro\">\ud83d\udd12 Hash checksum:fc3f74a5a164fbe52052dfa73d0d8841\n\ud83d\udcc6 Last updated: 2026-04-26\n\n\n\nVerify\n\n\n\n\n\nProcessor:...<\/div>    \n    <div class=\"ue_post_btn_holder\"><a class=\"uc_more_btn ue-dynamic-popup-single \" href='https:\/\/boztepepembekosk.com\/index.php\/2026\/04\/29\/ccleaner-premium-portable-exe-latest-x32-x64-no-virus-filecr\/' href=\"https:\/\/boztepepembekosk.com\/index.php\/2026\/04\/29\/ccleaner-premium-portable-exe-latest-x32-x64-no-virus-filecr\/\" target=\"_self\">Devam\u0131n\u0131 oku<\/a><\/div>    \n  <\/div>\n  \n    \n<\/div>\n<div id=\"uc_uc_card_post_carousel_elementor_c11206a_item7\" class=\"uc_image_carousel_container_holder ue_post_carousel_item ue-Genel\">\n  <div class=\"uc_image_carousel_placeholder\">\n    <a href=\"https:\/\/boztepepembekosk.com\/index.php\/2026\/04\/29\/rithmic-crack-activator-full-x86-x64-windows-11\/\"><div class=\"uc_image_carousel_bg\" style=\"background-image:url(https:\/\/boztepepembekosk.com\/wp-content\/uploads\/ac_assets\/uc_card_post_carousel\/\/no-image.png); background-position:center;\"><\/div><\/a>\n  <\/div>\n\n  <div class=\"uc_image_carousel_content\" >\n                <a href=\"https:\/\/boztepepembekosk.com\/index.php\/2026\/04\/29\/rithmic-crack-activator-full-x86-x64-windows-11\/\" style=\"text-decoration:none;\"><div class=\"uc_post_title\" style=\"text-decoration:none;\">Rithmic Crack + Activator [Full] (x86-x64) Windows 11<\/div><\/a>    <div class=\"ue_post_intro\">\ud83d\udd17 SHA sum:d93704f6f9e68b99fb9a465787a9b7f2Updated: 2026-04-24\n\n\n\nVerify\n\n\n\n\n\nProcessor: Dual-core for...<\/div>    \n    <div class=\"ue_post_btn_holder\"><a class=\"uc_more_btn ue-dynamic-popup-single \" href='https:\/\/boztepepembekosk.com\/index.php\/2026\/04\/29\/rithmic-crack-activator-full-x86-x64-windows-11\/' href=\"https:\/\/boztepepembekosk.com\/index.php\/2026\/04\/29\/rithmic-crack-activator-full-x86-x64-windows-11\/\" target=\"_self\">Devam\u0131n\u0131 oku<\/a><\/div>    \n  <\/div>\n  \n    \n<\/div>\n<div id=\"uc_uc_card_post_carousel_elementor_c11206a_item8\" class=\"uc_image_carousel_container_holder ue_post_carousel_item ue-Genel\">\n  <div class=\"uc_image_carousel_placeholder\">\n    <a href=\"https:\/\/boztepepembekosk.com\/index.php\/2026\/04\/28\/xshell-plus-crack-for-pc-full-x32x64-latest-2025\/\"><div class=\"uc_image_carousel_bg\" style=\"background-image:url(https:\/\/boztepepembekosk.com\/wp-content\/uploads\/ac_assets\/uc_card_post_carousel\/\/no-image.png); background-position:center;\"><\/div><\/a>\n  <\/div>\n\n  <div class=\"uc_image_carousel_content\" >\n                <a href=\"https:\/\/boztepepembekosk.com\/index.php\/2026\/04\/28\/xshell-plus-crack-for-pc-full-x32x64-latest-2025\/\" style=\"text-decoration:none;\"><div class=\"uc_post_title\" style=\"text-decoration:none;\">Xshell Plus Crack for PC [Full] (x32x64) Latest 2025<\/div><\/a>    <div class=\"ue_post_intro\">\ud83d\udd12 Hash checksum:1db360e4c996468a40f389974a26d0c3\n\ud83d\udcc6 Last updated: 2026-04-24\n\n\n\nVerify\n\n\n\n\n\nProcessor:...<\/div>    \n    <div class=\"ue_post_btn_holder\"><a class=\"uc_more_btn ue-dynamic-popup-single \" href='https:\/\/boztepepembekosk.com\/index.php\/2026\/04\/28\/xshell-plus-crack-for-pc-full-x32x64-latest-2025\/' href=\"https:\/\/boztepepembekosk.com\/index.php\/2026\/04\/28\/xshell-plus-crack-for-pc-full-x32x64-latest-2025\/\" target=\"_self\">Devam\u0131n\u0131 oku<\/a><\/div>    \n  <\/div>\n  \n    \n<\/div>\n<div id=\"uc_uc_card_post_carousel_elementor_c11206a_item9\" class=\"uc_image_carousel_container_holder ue_post_carousel_item ue-Genel\">\n  <div class=\"uc_image_carousel_placeholder\">\n    <a href=\"https:\/\/boztepepembekosk.com\/index.php\/2026\/04\/28\/vegas-pro-21-portable-only-100-worked-windows-gdrive\/\"><div class=\"uc_image_carousel_bg\" style=\"background-image:url(https:\/\/boztepepembekosk.com\/wp-content\/uploads\/ac_assets\/uc_card_post_carousel\/\/no-image.png); background-position:center;\"><\/div><\/a>\n  <\/div>\n\n  <div class=\"uc_image_carousel_content\" >\n                <a href=\"https:\/\/boztepepembekosk.com\/index.php\/2026\/04\/28\/vegas-pro-21-portable-only-100-worked-windows-gdrive\/\" style=\"text-decoration:none;\"><div class=\"uc_post_title\" style=\"text-decoration:none;\">Vegas Pro 21 Portable only 100% Worked [Windows] gDrive<\/div><\/a>    <div class=\"ue_post_intro\">\ud83d\udcd8 Build Hash:6b188679ead3e5d6cdab223248d10fbb\ud83d\uddd3 2026-04-21\n\n\n\nVerify\n\n\n\n\n\nProcessor: 1 GHz dual-core required\nRAM:...<\/div>    \n    <div class=\"ue_post_btn_holder\"><a class=\"uc_more_btn ue-dynamic-popup-single \" href='https:\/\/boztepepembekosk.com\/index.php\/2026\/04\/28\/vegas-pro-21-portable-only-100-worked-windows-gdrive\/' href=\"https:\/\/boztepepembekosk.com\/index.php\/2026\/04\/28\/vegas-pro-21-portable-only-100-worked-windows-gdrive\/\" target=\"_self\">Devam\u0131n\u0131 oku<\/a><\/div>    \n  <\/div>\n  \n    \n<\/div>\n<div id=\"uc_uc_card_post_carousel_elementor_c11206a_item10\" class=\"uc_image_carousel_container_holder ue_post_carousel_item ue-Genel\">\n  <div class=\"uc_image_carousel_placeholder\">\n    <a href=\"https:\/\/boztepepembekosk.com\/index.php\/2026\/04\/28\/google-maps-downloader-portable-activator-full-x64-patch-2025\/\"><div class=\"uc_image_carousel_bg\" style=\"background-image:url(https:\/\/boztepepembekosk.com\/wp-content\/uploads\/ac_assets\/uc_card_post_carousel\/\/no-image.png); background-position:center;\"><\/div><\/a>\n  <\/div>\n\n  <div class=\"uc_image_carousel_content\" >\n                <a href=\"https:\/\/boztepepembekosk.com\/index.php\/2026\/04\/28\/google-maps-downloader-portable-activator-full-x64-patch-2025\/\" style=\"text-decoration:none;\"><div class=\"uc_post_title\" style=\"text-decoration:none;\">Google Maps Downloader Portable + Activator [Full] [x64] Patch 2025<\/div><\/a>    <div class=\"ue_post_intro\">\ud83d\udd10 Hash sum: 02edc2690ce021c77801f777cc3eacb3\ud83d\udcc5 Last update: 2026-04-27\n\n\n\nVerify\n\n\n\n\n\nProcessor: 1 GHz...<\/div>    \n    <div class=\"ue_post_btn_holder\"><a class=\"uc_more_btn ue-dynamic-popup-single \" href='https:\/\/boztepepembekosk.com\/index.php\/2026\/04\/28\/google-maps-downloader-portable-activator-full-x64-patch-2025\/' href=\"https:\/\/boztepepembekosk.com\/index.php\/2026\/04\/28\/google-maps-downloader-portable-activator-full-x64-patch-2025\/\" target=\"_self\">Devam\u0131n\u0131 oku<\/a><\/div>    \n  <\/div>\n  \n    \n<\/div>\n\n   <\/div>\t\n<\/div>\n\n<!-- end Post Carousel Lite -->\t\t\t\t<\/div>\n\t\t\t\t<\/div>\n\t\t\t\t\t<\/div>\n\t\t\t\t<\/div>\n\t\t\t\t<\/div>\n\t\t","protected":false},"excerpt":{"rendered":"<p>Temel De\u011ferler E\u011fitimi \u00c7ocuklar\u0131m\u0131za sevgi, sayg\u0131 ve d\u00fcr\u00fcstl\u00fck gibi temel de\u011ferleri a\u015f\u0131l\u0131yoruz. E\u011fitimimiz, empati ve i\u015f birli\u011fini&#8230; Devam\u0131n\u0131 oku Nas\u0131l \u00d6\u011fretiyoruz \u00c7ocuklar\u0131m\u0131za Montessori y\u00f6ntemiyle \u00f6\u011fretiyoruz. Bu yakla\u015f\u0131m, bireysel \u00f6\u011frenme h\u0131z\u0131na sayg\u0131 duyar ve&#8230; Devam\u0131n\u0131 oku Neler Yap\u0131yoruz \u00c7ocuklar\u0131m\u0131z\u0131n ne\u015feli anlar\u0131, \u00f6\u011frenme ve e\u011flence dolu renkli foto\u011fraflarla! Devam\u0131n\u0131 oku<\/p>\n","protected":false},"author":1,"featured_media":0,"parent":0,"menu_order":0,"comment_status":"closed","ping_status":"closed","template":"","meta":{"_kad_post_transparent":"","_kad_post_title":"hide","_kad_post_layout":"fullwidth","_kad_post_sidebar_id":"","_kad_post_content_style":"unboxed","_kad_post_vertical_padding":"hide","_kad_post_feature":"hide","_kad_post_feature_position":"","_kad_post_header":false,"_kad_post_footer":false,"footnotes":""},"class_list":["post-266","page","type-page","status-publish","hentry"],"_links":{"self":[{"href":"https:\/\/boztepepembekosk.com\/index.php\/wp-json\/wp\/v2\/pages\/266","targetHints":{"allow":["GET"]}}],"collection":[{"href":"https:\/\/boztepepembekosk.com\/index.php\/wp-json\/wp\/v2\/pages"}],"about":[{"href":"https:\/\/boztepepembekosk.com\/index.php\/wp-json\/wp\/v2\/types\/page"}],"author":[{"embeddable":true,"href":"https:\/\/boztepepembekosk.com\/index.php\/wp-json\/wp\/v2\/users\/1"}],"replies":[{"embeddable":true,"href":"https:\/\/boztepepembekosk.com\/index.php\/wp-json\/wp\/v2\/comments?post=266"}],"version-history":[{"count":4,"href":"https:\/\/boztepepembekosk.com\/index.php\/wp-json\/wp\/v2\/pages\/266\/revisions"}],"predecessor-version":[{"id":270,"href":"https:\/\/boztepepembekosk.com\/index.php\/wp-json\/wp\/v2\/pages\/266\/revisions\/270"}],"wp:attachment":[{"href":"https:\/\/boztepepembekosk.com\/index.php\/wp-json\/wp\/v2\/media?parent=266"}],"curies":[{"name":"wp","href":"https:\/\/api.w.org\/{rel}","templated":true}]}}