{"id":50,"date":"2025-09-28T20:19:35","date_gmt":"2025-09-28T17:19:35","guid":{"rendered":"http:\/\/localhost:8888\/kres\/?page_id=50"},"modified":"2026-01-17T13:04:34","modified_gmt":"2026-01-17T10:04:34","slug":"anasayfa","status":"publish","type":"page","link":"https:\/\/boztepepembekosk.com\/","title":{"rendered":"Anasayfa"},"content":{"rendered":"\t\t<div data-elementor-type=\"wp-page\" data-elementor-id=\"50\" class=\"elementor elementor-50\">\n\t\t\t\t<div class=\"elementor-element elementor-element-c6ec1d7 e-flex e-con-boxed e-con e-parent\" data-id=\"c6ec1d7\" data-element_type=\"container\" data-e-type=\"container\" data-settings=\"{&quot;background_background&quot;:&quot;classic&quot;}\">\n\t\t\t\t\t<div class=\"e-con-inner\">\n\t\t<div class=\"elementor-element elementor-element-6e245f1 e-con-full e-flex e-con e-child\" data-id=\"6e245f1\" data-element_type=\"container\" data-e-type=\"container\">\n\t\t\t\t<div class=\"elementor-element elementor-element-894db1d elementor-widget elementor-widget-sina_banner_slider\" data-id=\"894db1d\" data-element_type=\"widget\" data-e-type=\"widget\" data-widget_type=\"sina_banner_slider.default\">\n\t\t\t\t<div class=\"elementor-widget-container\">\n\t\t\t\t\t\t\t<div class=\"sina-banner-slider owl-carousel\"\r\n\t\tdata-autoplay=\"yes\"\r\n\t\tdata-pause=\"yes\"\r\n\t\tdata-nav=\"\"\r\n\t\tdata-dots=\"yes\"\r\n\t\tdata-mouse-drag=\"yes\"\r\n\t\tdata-touch-drag=\"yes\"\r\n\t\tdata-loop=\"yes\"\r\n\t\tdata-speed=\"\"\r\n\t\tdata-part-anim=\"yes\"\r\n\t\tdata-delay=\"5000\">\r\n\r\n\t\t\t\t\t\t\t<div class=\"sina-slider-content sina-bg-cover\" style=\"background-image: url(https:\/\/boztepepembekosk.com\/wp-content\/uploads\/2025\/10\/freepik__the-style-is-candid-image-photography-with-natural__5886.png);\">\r\n\t\t\t\t\t\t\t\t\t\t\t<div class=\"sina-overlay\"><\/div>\r\n\t\t\t\t\t\r\n\t\t\t\t\t<div class=\"sina-banner-container elementor-repeater-item-3db53fb\">\r\n\r\n\t\t\t\t\t\t\r\n\t\t\t\t\t\t\t\t\t\t\t\t\t<h2 class=\"sina-banner-subtitle sina-anim-invisible\" data-animation=\"animated fadeInRight\">Sevgiyle B\u00fcy\u00fcyen, E\u011flenerek \u00d6\u011frenen \u00c7ocuklar<\/h2>\t\t\t\t\t\t\r\n\t\t\t\t\t\t\r\n\t\t\t\t\t\t\t\t\t\t\t\t\t<div class=\"sina-banner-btns sina-anim-invisible\" data-animation=\"animated fadeInUp\">\r\n\t\t\t\t\t\t\t\t\r\n\t\t\t\t\t\t\t\t\t\t\t\t\t\t\t\t\t<a class=\"sina-banner-sbtn   \"\r\n\t\t\t\t\t\t\t\t\t\t\t\t\t\t\t\t\t\thref=\"#\"\r\n\t\t\t\t\t\t\t\t\t\t\t\t\t\t\t\t\t\t>\r\n\t\t\t\t\t\t\t\t\t\t\t\tDaha Fazla Bilgi\t\t\t\t\t\t\t\t\t\t\t<\/a>\r\n\t\t\t\t\t\t\t\t\t\t\t\t\t\t\t<\/div>\r\n\t\t\t\t\t\t\t\t\t\t\t<\/div>\r\n\t\t\t\t<\/div>\r\n\t\t\t\t\t\t\t<div class=\"sina-slider-content sina-bg-cover\" style=\"background-image: url(https:\/\/boztepepembekosk.com\/wp-content\/uploads\/2025\/10\/freepik__the-style-is-candid-image-photography-with-natural__5885.png);\">\r\n\t\t\t\t\t\t\t\t\t\t\t<div class=\"sina-overlay\"><\/div>\r\n\t\t\t\t\t\r\n\t\t\t\t\t<div class=\"sina-banner-container elementor-repeater-item-152a6f4\">\r\n\r\n\t\t\t\t\t\t\r\n\t\t\t\t\t\t\t\t\t\t\t\t\t<h2 class=\"sina-banner-subtitle sina-anim-invisible\" data-animation=\"animated zoomIn\">E\u011fitim ve E\u011flence Bir Arada<\/h2>\t\t\t\t\t\t\r\n\t\t\t\t\t\t\r\n\t\t\t\t\t\t\t\t\t\t\t\t\t<div class=\"sina-banner-btns sina-anim-invisible\" data-animation=\"animated lightSpeedIn\">\r\n\t\t\t\t\t\t\t\t\r\n\t\t\t\t\t\t\t\t\t\t\t\t\t\t\t\t\t<a class=\"sina-banner-sbtn   \"\r\n\t\t\t\t\t\t\t\t\t\t\t\t\t\t\t\t\t\thref=\"#\"\r\n\t\t\t\t\t\t\t\t\t\t\t\t\t\t\t\t\t\t>\r\n\t\t\t\t\t\t\t\t\t\t\t\tDaha Fazla Bilgi\t\t\t\t\t\t\t\t\t\t\t<\/a>\r\n\t\t\t\t\t\t\t\t\t\t\t\t\t\t\t<\/div>\r\n\t\t\t\t\t\t\t\t\t\t\t<\/div>\r\n\t\t\t\t<\/div>\r\n\t\t\t\t\t<\/div><!-- .sina-banner-slider -->\r\n\t\t\t\t\t\t<\/div>\n\t\t\t\t<\/div>\n\t\t\t\t<\/div>\n\t\t\t\t\t<\/div>\n\t\t\t\t<\/div>\n\t\t<div class=\"elementor-element elementor-element-6295331 e-flex e-con-boxed e-con e-parent\" data-id=\"6295331\" data-element_type=\"container\" data-e-type=\"container\">\n\t\t\t\t\t<div class=\"e-con-inner\">\n\t\t<div class=\"elementor-element elementor-element-e36fedb e-con-full e-flex e-con e-child\" data-id=\"e36fedb\" data-element_type=\"container\" data-e-type=\"container\">\n\t\t<div class=\"elementor-element elementor-element-86a4b08 e-con-full e-flex e-con e-child\" data-id=\"86a4b08\" data-element_type=\"container\" data-e-type=\"container\">\n\t\t\t\t<div class=\"elementor-element elementor-element-05e8a9c elementor-view-default elementor-widget elementor-widget-icon\" data-id=\"05e8a9c\" data-element_type=\"widget\" data-e-type=\"widget\" data-widget_type=\"icon.default\">\n\t\t\t\t\t\t\t<div class=\"elementor-icon-wrapper\">\n\t\t\t<div class=\"elementor-icon\">\n\t\t\t<svg aria-hidden=\"true\" class=\"e-font-icon-svg e-fas-sun\" viewBox=\"0 0 512 512\" xmlns=\"http:\/\/www.w3.org\/2000\/svg\"><path d=\"M256 160c-52.9 0-96 43.1-96 96s43.1 96 96 96 96-43.1 96-96-43.1-96-96-96zm246.4 80.5l-94.7-47.3 33.5-100.4c4.5-13.6-8.4-26.5-21.9-21.9l-100.4 33.5-47.4-94.8c-6.4-12.8-24.6-12.8-31 0l-47.3 94.7L92.7 70.8c-13.6-4.5-26.5 8.4-21.9 21.9l33.5 100.4-94.7 47.4c-12.8 6.4-12.8 24.6 0 31l94.7 47.3-33.5 100.5c-4.5 13.6 8.4 26.5 21.9 21.9l100.4-33.5 47.3 94.7c6.4 12.8 24.6 12.8 31 0l47.3-94.7 100.4 33.5c13.6 4.5 26.5-8.4 21.9-21.9l-33.5-100.4 94.7-47.3c13-6.5 13-24.7.2-31.1zm-155.9 106c-49.9 49.9-131.1 49.9-181 0-49.9-49.9-49.9-131.1 0-181 49.9-49.9 131.1-49.9 181 0 49.9 49.9 49.9 131.1 0 181z\"><\/path><\/svg>\t\t\t<\/div>\n\t\t<\/div>\n\t\t\t\t\t\t<\/div>\n\t\t\t\t<div class=\"elementor-element elementor-element-cfa3d9f elementor-widget elementor-widget-heading\" data-id=\"cfa3d9f\" data-element_type=\"widget\" data-e-type=\"widget\" data-widget_type=\"heading.default\">\n\t\t\t\t\t<h2 class=\"elementor-heading-title elementor-size-default\">Zihinsel Geli\u015fim<\/h2>\t\t\t\t<\/div>\n\t\t\t\t<div class=\"elementor-element elementor-element-1a2dbe5 elementor-widget elementor-widget-text-editor\" data-id=\"1a2dbe5\" data-element_type=\"widget\" data-e-type=\"widget\" data-widget_type=\"text-editor.default\">\n\t\t\t\t\t\t\t\t\t<p>\u00c7ocu\u011funuzun zihinsel geli\u015fimine katk\u0131da bulunacak etkinlikler ve bu etkinliklerde kullan\u0131lacak \u00f6\u011frenme metaryalleri<\/p>\t\t\t\t\t\t\t\t<\/div>\n\t\t\t\t<div class=\"elementor-element elementor-element-db9f270 elementor-view-default elementor-widget elementor-widget-icon\" data-id=\"db9f270\" data-element_type=\"widget\" data-e-type=\"widget\" data-widget_type=\"icon.default\">\n\t\t\t\t\t\t\t<div class=\"elementor-icon-wrapper\">\n\t\t\t<div class=\"elementor-icon\">\n\t\t\t<svg aria-hidden=\"true\" class=\"e-font-icon-svg e-far-arrow-alt-circle-right\" viewBox=\"0 0 512 512\" xmlns=\"http:\/\/www.w3.org\/2000\/svg\"><path d=\"M504 256C504 119 393 8 256 8S8 119 8 256s111 248 248 248 248-111 248-248zm-448 0c0-110.5 89.5-200 200-200s200 89.5 200 200-89.5 200-200 200S56 366.5 56 256zm72 20v-40c0-6.6 5.4-12 12-12h116v-67c0-10.7 12.9-16 20.5-8.5l99 99c4.7 4.7 4.7 12.3 0 17l-99 99c-7.6 7.6-20.5 2.2-20.5-8.5v-67H140c-6.6 0-12-5.4-12-12z\"><\/path><\/svg>\t\t\t<\/div>\n\t\t<\/div>\n\t\t\t\t\t\t<\/div>\n\t\t\t\t<\/div>\n\t\t<div class=\"elementor-element elementor-element-9a934e1 e-con-full e-flex e-con e-child\" data-id=\"9a934e1\" data-element_type=\"container\" data-e-type=\"container\">\n\t\t\t\t<div class=\"elementor-element elementor-element-a132a6e elementor-view-default elementor-widget elementor-widget-icon\" data-id=\"a132a6e\" data-element_type=\"widget\" data-e-type=\"widget\" data-widget_type=\"icon.default\">\n\t\t\t\t\t\t\t<div class=\"elementor-icon-wrapper\">\n\t\t\t<div class=\"elementor-icon\">\n\t\t\t<svg aria-hidden=\"true\" class=\"e-font-icon-svg e-fas-user-clock\" viewBox=\"0 0 640 512\" xmlns=\"http:\/\/www.w3.org\/2000\/svg\"><path d=\"M496 224c-79.6 0-144 64.4-144 144s64.4 144 144 144 144-64.4 144-144-64.4-144-144-144zm64 150.3c0 5.3-4.4 9.7-9.7 9.7h-60.6c-5.3 0-9.7-4.4-9.7-9.7v-76.6c0-5.3 4.4-9.7 9.7-9.7h12.6c5.3 0 9.7 4.4 9.7 9.7V352h38.3c5.3 0 9.7 4.4 9.7 9.7v12.6zM320 368c0-27.8 6.7-54.1 18.2-77.5-8-1.5-16.2-2.5-24.6-2.5h-16.7c-22.2 10.2-46.9 16-72.9 16s-50.6-5.8-72.9-16h-16.7C60.2 288 0 348.2 0 422.4V464c0 26.5 21.5 48 48 48h347.1c-45.3-31.9-75.1-84.5-75.1-144zm-96-112c70.7 0 128-57.3 128-128S294.7 0 224 0 96 57.3 96 128s57.3 128 128 128z\"><\/path><\/svg>\t\t\t<\/div>\n\t\t<\/div>\n\t\t\t\t\t\t<\/div>\n\t\t\t\t<div class=\"elementor-element elementor-element-415a76f elementor-widget elementor-widget-heading\" data-id=\"415a76f\" data-element_type=\"widget\" data-e-type=\"widget\" data-widget_type=\"heading.default\">\n\t\t\t\t\t<h2 class=\"elementor-heading-title elementor-size-default\">Sosyal Geli\u015fim<\/h2>\t\t\t\t<\/div>\n\t\t\t\t<div class=\"elementor-element elementor-element-0770ddc elementor-widget elementor-widget-text-editor\" data-id=\"0770ddc\" data-element_type=\"widget\" data-e-type=\"widget\" data-widget_type=\"text-editor.default\">\n\t\t\t\t\t\t\t\t\t<p>\u00c7ocuklar\u0131n\u0131zdaki yetenekleri ke\u015ffetmek i\u00e7in uygun ortam, do\u011fru program, yerinde ve zaman\u0131nda takip ve y\u00f6nlendirme.<\/p>\t\t\t\t\t\t\t\t<\/div>\n\t\t\t\t<div class=\"elementor-element elementor-element-67f6264 elementor-view-default elementor-widget elementor-widget-icon\" data-id=\"67f6264\" data-element_type=\"widget\" data-e-type=\"widget\" data-widget_type=\"icon.default\">\n\t\t\t\t\t\t\t<div class=\"elementor-icon-wrapper\">\n\t\t\t<div class=\"elementor-icon\">\n\t\t\t<svg aria-hidden=\"true\" class=\"e-font-icon-svg e-far-arrow-alt-circle-right\" viewBox=\"0 0 512 512\" xmlns=\"http:\/\/www.w3.org\/2000\/svg\"><path d=\"M504 256C504 119 393 8 256 8S8 119 8 256s111 248 248 248 248-111 248-248zm-448 0c0-110.5 89.5-200 200-200s200 89.5 200 200-89.5 200-200 200S56 366.5 56 256zm72 20v-40c0-6.6 5.4-12 12-12h116v-67c0-10.7 12.9-16 20.5-8.5l99 99c4.7 4.7 4.7 12.3 0 17l-99 99c-7.6 7.6-20.5 2.2-20.5-8.5v-67H140c-6.6 0-12-5.4-12-12z\"><\/path><\/svg>\t\t\t<\/div>\n\t\t<\/div>\n\t\t\t\t\t\t<\/div>\n\t\t\t\t<\/div>\n\t\t<div class=\"elementor-element elementor-element-36b951e e-con-full e-flex e-con e-child\" data-id=\"36b951e\" data-element_type=\"container\" data-e-type=\"container\">\n\t\t\t\t<div class=\"elementor-element elementor-element-8b54bab elementor-view-default elementor-widget elementor-widget-icon\" data-id=\"8b54bab\" data-element_type=\"widget\" data-e-type=\"widget\" data-widget_type=\"icon.default\">\n\t\t\t\t\t\t\t<div class=\"elementor-icon-wrapper\">\n\t\t\t<div class=\"elementor-icon\">\n\t\t\t<svg aria-hidden=\"true\" class=\"e-font-icon-svg e-fas-heart-broken\" viewBox=\"0 0 512 512\" xmlns=\"http:\/\/www.w3.org\/2000\/svg\"><path d=\"M473.7 73.8l-2.4-2.5c-46-47-118-51.7-169.6-14.8L336 159.9l-96 64 48 128-144-144 96-64-28.6-86.5C159.7 19.6 87 24 40.7 71.4l-2.4 2.4C-10.4 123.6-12.5 202.9 31 256l212.1 218.6c7.1 7.3 18.6 7.3 25.7 0L481 255.9c43.5-53 41.4-132.3-7.3-182.1z\"><\/path><\/svg>\t\t\t<\/div>\n\t\t<\/div>\n\t\t\t\t\t\t<\/div>\n\t\t\t\t<div class=\"elementor-element elementor-element-d7ac12d elementor-widget elementor-widget-heading\" data-id=\"d7ac12d\" data-element_type=\"widget\" data-e-type=\"widget\" data-widget_type=\"heading.default\">\n\t\t\t\t\t<h2 class=\"elementor-heading-title elementor-size-default\">Duygusal Geli\u015fim<\/h2>\t\t\t\t<\/div>\n\t\t\t\t<div class=\"elementor-element elementor-element-4c91862 elementor-widget elementor-widget-text-editor\" data-id=\"4c91862\" data-element_type=\"widget\" data-e-type=\"widget\" data-widget_type=\"text-editor.default\">\n\t\t\t\t\t\t\t\t\t<p>\u00c7ocuklar\u0131n\u0131z, kendilerinin ve ba\u015fkalar\u0131n\u0131n duygular\u0131n\u0131 anlamaya y\u00f6nelik becerilerini geli\u015ftirirler. Duygular\u0131n\u0131 s\u00f6zel ya da s\u00f6zel olmayan yollarla ifade ederler.<\/p>\t\t\t\t\t\t\t\t<\/div>\n\t\t\t\t<div class=\"elementor-element elementor-element-dfffd08 elementor-view-default elementor-widget elementor-widget-icon\" data-id=\"dfffd08\" data-element_type=\"widget\" data-e-type=\"widget\" data-widget_type=\"icon.default\">\n\t\t\t\t\t\t\t<div class=\"elementor-icon-wrapper\">\n\t\t\t<div class=\"elementor-icon\">\n\t\t\t<svg aria-hidden=\"true\" class=\"e-font-icon-svg e-far-arrow-alt-circle-right\" viewBox=\"0 0 512 512\" xmlns=\"http:\/\/www.w3.org\/2000\/svg\"><path d=\"M504 256C504 119 393 8 256 8S8 119 8 256s111 248 248 248 248-111 248-248zm-448 0c0-110.5 89.5-200 200-200s200 89.5 200 200-89.5 200-200 200S56 366.5 56 256zm72 20v-40c0-6.6 5.4-12 12-12h116v-67c0-10.7 12.9-16 20.5-8.5l99 99c4.7 4.7 4.7 12.3 0 17l-99 99c-7.6 7.6-20.5 2.2-20.5-8.5v-67H140c-6.6 0-12-5.4-12-12z\"><\/path><\/svg>\t\t\t<\/div>\n\t\t<\/div>\n\t\t\t\t\t\t<\/div>\n\t\t\t\t<\/div>\n\t\t\t\t<\/div>\n\t\t\t\t\t<\/div>\n\t\t\t\t<\/div>\n\t\t<div class=\"elementor-element elementor-element-8e0e8e5 e-flex e-con-boxed e-con e-parent\" data-id=\"8e0e8e5\" data-element_type=\"container\" data-e-type=\"container\">\n\t\t\t\t\t<div class=\"e-con-inner\">\n\t\t<div class=\"elementor-element elementor-element-34473dc e-con-full e-flex e-con e-child\" data-id=\"34473dc\" data-element_type=\"container\" data-e-type=\"container\">\n\t\t<div class=\"elementor-element elementor-element-23519b3 e-con-full e-flex e-con e-child\" data-id=\"23519b3\" data-element_type=\"container\" data-e-type=\"container\">\n\t\t<div class=\"elementor-element elementor-element-8231a56 e-con-full e-flex e-con e-child\" data-id=\"8231a56\" data-element_type=\"container\" data-e-type=\"container\">\n\t\t\t\t<div class=\"elementor-element elementor-element-d2b9a50 elementor-widget elementor-widget-image\" data-id=\"d2b9a50\" data-element_type=\"widget\" data-e-type=\"widget\" data-widget_type=\"image.default\">\n\t\t\t\t\t\t\t\t\t\t\t\t\t\t\t<img fetchpriority=\"high\" decoding=\"async\" width=\"1024\" height=\"1024\" src=\"https:\/\/boztepepembekosk.com\/wp-content\/uploads\/2025\/09\/freepik__the-style-is-candid-image-photography-with-natural__90636.jpeg\" class=\"attachment-full size-full wp-image-73\" alt=\"\" srcset=\"https:\/\/boztepepembekosk.com\/wp-content\/uploads\/2025\/09\/freepik__the-style-is-candid-image-photography-with-natural__90636.jpeg 1024w, https:\/\/boztepepembekosk.com\/wp-content\/uploads\/2025\/09\/freepik__the-style-is-candid-image-photography-with-natural__90636-300x300.jpeg 300w, https:\/\/boztepepembekosk.com\/wp-content\/uploads\/2025\/09\/freepik__the-style-is-candid-image-photography-with-natural__90636-150x150.jpeg 150w, https:\/\/boztepepembekosk.com\/wp-content\/uploads\/2025\/09\/freepik__the-style-is-candid-image-photography-with-natural__90636-768x768.jpeg 768w\" sizes=\"(max-width: 1024px) 100vw, 1024px\" \/>\t\t\t\t\t\t\t\t\t\t\t\t\t\t\t<\/div>\n\t\t\t\t<\/div>\n\t\t\t\t<\/div>\n\t\t<div class=\"elementor-element elementor-element-73ad2f7 e-con-full e-flex e-con e-child\" data-id=\"73ad2f7\" data-element_type=\"container\" data-e-type=\"container\">\n\t\t<div class=\"elementor-element elementor-element-45e6982 e-con-full e-flex e-con e-child\" data-id=\"45e6982\" data-element_type=\"container\" data-e-type=\"container\">\n\t\t\t\t<div class=\"elementor-element elementor-element-186c674 elementor-widget elementor-widget-heading\" data-id=\"186c674\" data-element_type=\"widget\" data-e-type=\"widget\" data-widget_type=\"heading.default\">\n\t\t\t\t\t<h2 class=\"elementor-heading-title elementor-size-default\">\u00c7OCUKLARINIZIN MUTLU GELECE\u011e\u0130 \u0130\u00c7\u0130N!<\/h2>\t\t\t\t<\/div>\n\t\t\t\t<\/div>\n\t\t<div class=\"elementor-element elementor-element-7d37189 e-con-full e-flex e-con e-child\" data-id=\"7d37189\" data-element_type=\"container\" data-e-type=\"container\">\n\t\t\t\t<div class=\"elementor-element elementor-element-e39416f elementor-widget elementor-widget-text-editor\" data-id=\"e39416f\" data-element_type=\"widget\" data-e-type=\"widget\" data-widget_type=\"text-editor.default\">\n\t\t\t\t\t\t\t\t\t<p><span class=\"text-blue-600 mr-2\">\u2714\u00a0 <\/span>G\u00fcvenli ve sevgi dolu bir ortamda e\u011fitim.<\/p><p><span class=\"text-blue-600 mr-2\">\u2714\u00a0 <\/span>\u00c7ocuklar\u0131n yarat\u0131c\u0131l\u0131\u011f\u0131n\u0131 geli\u015ftiren etkinlikler.<\/p><p><span class=\"text-blue-600 mr-2\">\u2714\u00a0 <\/span>Deneyimli ve \u015fefkatli e\u011fitmen kadrosu.<\/p>\t\t\t\t\t\t\t\t<\/div>\n\t\t\t\t<\/div>\n\t\t<div class=\"elementor-element elementor-element-7d173fe e-con-full e-flex e-con e-child\" data-id=\"7d173fe\" data-element_type=\"container\" data-e-type=\"container\">\n\t\t\t\t<div class=\"elementor-element elementor-element-430c46e elementor-widget elementor-widget-button\" data-id=\"430c46e\" data-element_type=\"widget\" data-e-type=\"widget\" data-widget_type=\"button.default\">\n\t\t\t\t\t\t\t\t\t\t<a class=\"elementor-button elementor-button-link elementor-size-sm\" href=\"#\">\n\t\t\t\t\t\t<span class=\"elementor-button-content-wrapper\">\n\t\t\t\t\t\t\t\t\t<span class=\"elementor-button-text\">\u0130leti\u015fime Ge\u00e7<\/span>\n\t\t\t\t\t<\/span>\n\t\t\t\t\t<\/a>\n\t\t\t\t\t\t\t\t<\/div>\n\t\t\t\t<\/div>\n\t\t\t\t<\/div>\n\t\t\t\t<\/div>\n\t\t\t\t\t<\/div>\n\t\t\t\t<\/div>\n\t\t<div class=\"elementor-element elementor-element-8e87d19 e-flex e-con-boxed e-con e-parent\" data-id=\"8e87d19\" data-element_type=\"container\" data-e-type=\"container\" data-settings=\"{&quot;background_background&quot;:&quot;classic&quot;}\">\n\t\t\t\t\t<div class=\"e-con-inner\">\n\t\t<div class=\"elementor-element elementor-element-041e2e5 e-con-full e-flex e-con e-child\" data-id=\"041e2e5\" data-element_type=\"container\" data-e-type=\"container\" data-settings=\"{&quot;background_background&quot;:&quot;classic&quot;}\">\n\t\t<div class=\"elementor-element elementor-element-b5b28c2 e-con-full e-flex e-con e-child\" data-id=\"b5b28c2\" data-element_type=\"container\" data-e-type=\"container\">\n\t\t\t\t<div class=\"elementor-element elementor-element-c3af000 elementor-widget elementor-widget-heading\" data-id=\"c3af000\" data-element_type=\"widget\" data-e-type=\"widget\" data-widget_type=\"heading.default\">\n\t\t\t\t\t<h2 class=\"elementor-heading-title elementor-size-default\">Anaokulumuz<\/h2>\t\t\t\t<\/div>\n\t\t\t\t<div class=\"elementor-element elementor-element-c7bfb03 elementor-widget elementor-widget-heading\" data-id=\"c7bfb03\" data-element_type=\"widget\" data-e-type=\"widget\" data-widget_type=\"heading.default\">\n\t\t\t\t\t<h2 class=\"elementor-heading-title elementor-size-default\">Hakk\u0131nda<\/h2>\t\t\t\t<\/div>\n\t\t\t\t<div class=\"elementor-element elementor-element-f618c94 elementor-widget elementor-widget-text-editor\" data-id=\"f618c94\" data-element_type=\"widget\" data-e-type=\"widget\" data-widget_type=\"text-editor.default\">\n\t\t\t\t\t\t\t\t\t<p>Lorem ipsum dolor sit amet, consectetur adipiscing elit. Ut elit tellus, luctus nec ullamcorper mattis, pulvinar dapibus leo.<\/p>\t\t\t\t\t\t\t\t<\/div>\n\t\t\t\t<div class=\"elementor-element elementor-element-d091037 elementor-align-left elementor-widget elementor-widget-button\" data-id=\"d091037\" data-element_type=\"widget\" data-e-type=\"widget\" data-widget_type=\"button.default\">\n\t\t\t\t\t\t\t\t\t\t<a class=\"elementor-button elementor-button-link elementor-size-sm\" href=\"#\">\n\t\t\t\t\t\t<span class=\"elementor-button-content-wrapper\">\n\t\t\t\t\t\t\t\t\t<span class=\"elementor-button-text\">Devam\u0131<\/span>\n\t\t\t\t\t<\/span>\n\t\t\t\t\t<\/a>\n\t\t\t\t\t\t\t\t<\/div>\n\t\t\t\t<\/div>\n\t\t<div class=\"elementor-element elementor-element-addca8a e-con-full e-flex e-con e-child\" data-id=\"addca8a\" data-element_type=\"container\" data-e-type=\"container\">\n\t\t\t\t<div class=\"elementor-element elementor-element-99de7c6 elementor-widget elementor-widget-image\" data-id=\"99de7c6\" data-element_type=\"widget\" data-e-type=\"widget\" data-widget_type=\"image.default\">\n\t\t\t\t\t\t\t\t\t\t\t\t\t\t\t<img decoding=\"async\" width=\"1024\" height=\"1024\" src=\"https:\/\/boztepepembekosk.com\/wp-content\/uploads\/2025\/10\/freepik__the-style-is-candid-image-photography-with-natural__13284.png\" class=\"attachment-large size-large wp-image-74\" alt=\"\" srcset=\"https:\/\/boztepepembekosk.com\/wp-content\/uploads\/2025\/10\/freepik__the-style-is-candid-image-photography-with-natural__13284.png 1024w, https:\/\/boztepepembekosk.com\/wp-content\/uploads\/2025\/10\/freepik__the-style-is-candid-image-photography-with-natural__13284-300x300.png 300w, https:\/\/boztepepembekosk.com\/wp-content\/uploads\/2025\/10\/freepik__the-style-is-candid-image-photography-with-natural__13284-150x150.png 150w, https:\/\/boztepepembekosk.com\/wp-content\/uploads\/2025\/10\/freepik__the-style-is-candid-image-photography-with-natural__13284-768x768.png 768w\" sizes=\"(max-width: 1024px) 100vw, 1024px\" \/>\t\t\t\t\t\t\t\t\t\t\t\t\t\t\t<\/div>\n\t\t\t\t<\/div>\n\t\t\t\t<\/div>\n\t\t\t\t\t<\/div>\n\t\t\t\t<\/div>\n\t\t<div class=\"elementor-element elementor-element-a9781b3 e-flex e-con-boxed e-con e-parent\" data-id=\"a9781b3\" data-element_type=\"container\" data-e-type=\"container\">\n\t\t\t\t\t<div class=\"e-con-inner\">\n\t\t<div class=\"elementor-element elementor-element-9238f2c e-con-full e-flex e-con e-child\" data-id=\"9238f2c\" data-element_type=\"container\" data-e-type=\"container\" data-settings=\"{&quot;background_background&quot;:&quot;classic&quot;}\">\n\t\t<div class=\"elementor-element elementor-element-d03757d e-con-full e-flex e-con e-child\" data-id=\"d03757d\" data-element_type=\"container\" data-e-type=\"container\">\n\t\t\t\t<div class=\"elementor-element elementor-element-ee4ba48 elementor-widget elementor-widget-heading\" data-id=\"ee4ba48\" data-element_type=\"widget\" data-e-type=\"widget\" data-widget_type=\"heading.default\">\n\t\t\t\t\t<h2 class=\"elementor-heading-title elementor-size-default\">\u00c7ocuklar\u0131m\u0131z\u0131n ne\u015feli anlar\u0131,<\/h2>\t\t\t\t<\/div>\n\t\t\t\t<div class=\"elementor-element elementor-element-ea0e499 elementor-widget elementor-widget-text-editor\" data-id=\"ea0e499\" data-element_type=\"widget\" data-e-type=\"widget\" data-widget_type=\"text-editor.default\">\n\t\t\t\t\t\t\t\t\t<p dir=\"auto\">\u00f6\u011frenme ve e\u011flence dolu renkli foto\u011fraflarla!<\/p>\t\t\t\t\t\t\t\t<\/div>\n\t\t\t\t<div class=\"elementor-element elementor-element-bb71fc7 elementor-widget elementor-widget-text-editor\" data-id=\"bb71fc7\" data-element_type=\"widget\" data-e-type=\"widget\" data-widget_type=\"text-editor.default\">\n\t\t\t\t\t\t\t\t\t<p dir=\"auto\">\u00e7ocuklar\u0131n mutlulu\u011funu, geli\u015fimini ve keyifli anlar\u0131 galerimizde\u00a0<\/p>\t\t\t\t\t\t\t\t<\/div>\n\t\t\t\t<div class=\"elementor-element elementor-element-6177bc6 elementor-align-left elementor-widget elementor-widget-button\" data-id=\"6177bc6\" data-element_type=\"widget\" data-e-type=\"widget\" data-widget_type=\"button.default\">\n\t\t\t\t\t\t\t\t\t\t<a class=\"elementor-button elementor-button-link elementor-size-sm\" href=\"#\">\n\t\t\t\t\t\t<span class=\"elementor-button-content-wrapper\">\n\t\t\t\t\t\t\t\t\t<span class=\"elementor-button-text\">Galeriye Git<\/span>\n\t\t\t\t\t<\/span>\n\t\t\t\t\t<\/a>\n\t\t\t\t\t\t\t\t<\/div>\n\t\t\t\t<\/div>\n\t\t<div class=\"elementor-element elementor-element-5503bf8 e-con-full e-flex e-con e-child\" data-id=\"5503bf8\" data-element_type=\"container\" data-e-type=\"container\">\n\t\t\t\t<div class=\"elementor-element elementor-element-bfea378 elementor-widget__width-initial elementor-view-default elementor-widget elementor-widget-icon\" data-id=\"bfea378\" data-element_type=\"widget\" data-e-type=\"widget\" data-widget_type=\"icon.default\">\n\t\t\t\t\t\t\t<div class=\"elementor-icon-wrapper\">\n\t\t\t<div class=\"elementor-icon\">\n\t\t\t<svg aria-hidden=\"true\" class=\"e-font-icon-svg e-far-play-circle\" viewBox=\"0 0 512 512\" xmlns=\"http:\/\/www.w3.org\/2000\/svg\"><path d=\"M371.7 238l-176-107c-15.8-8.8-35.7 2.5-35.7 21v208c0 18.4 19.8 29.8 35.7 21l176-101c16.4-9.1 16.4-32.8 0-42zM504 256C504 119 393 8 256 8S8 119 8 256s111 248 248 248 248-111 248-248zm-448 0c0-110.5 89.5-200 200-200s200 89.5 200 200-89.5 200-200 200S56 366.5 56 256z\"><\/path><\/svg>\t\t\t<\/div>\n\t\t<\/div>\n\t\t\t\t\t\t<\/div>\n\t\t\t\t<\/div>\n\t\t\t\t<\/div>\n\t\t\t\t\t<\/div>\n\t\t\t\t<\/div>\n\t\t\t\t<\/div>\n\t\t","protected":false},"excerpt":{"rendered":"<p>Sevgiyle B\u00fcy\u00fcyen, E\u011flenerek \u00d6\u011frenen \u00c7ocuklar Daha Fazla Bilgi E\u011fitim ve E\u011flence Bir Arada Daha Fazla Bilgi Zihinsel Geli\u015fim \u00c7ocu\u011funuzun zihinsel geli\u015fimine katk\u0131da bulunacak etkinlikler ve bu etkinliklerde kullan\u0131lacak \u00f6\u011frenme metaryalleri Sosyal Geli\u015fim \u00c7ocuklar\u0131n\u0131zdaki yetenekleri ke\u015ffetmek i\u00e7in uygun ortam, do\u011fru program, yerinde ve zaman\u0131nda takip ve y\u00f6nlendirme. Duygusal Geli\u015fim \u00c7ocuklar\u0131n\u0131z, kendilerinin ve ba\u015fkalar\u0131n\u0131n duygular\u0131n\u0131 anlamaya y\u00f6nelik&#8230;<\/p>\n","protected":false},"author":1,"featured_media":0,"parent":0,"menu_order":0,"comment_status":"closed","ping_status":"closed","template":"elementor_header_footer","meta":{"_kad_post_transparent":"","_kad_post_title":"hide","_kad_post_layout":"fullwidth","_kad_post_sidebar_id":"","_kad_post_content_style":"unboxed","_kad_post_vertical_padding":"hide","_kad_post_feature":"hide","_kad_post_feature_position":"","_kad_post_header":false,"_kad_post_footer":false,"footnotes":""},"class_list":["post-50","page","type-page","status-publish","hentry"],"_links":{"self":[{"href":"https:\/\/boztepepembekosk.com\/index.php\/wp-json\/wp\/v2\/pages\/50","targetHints":{"allow":["GET"]}}],"collection":[{"href":"https:\/\/boztepepembekosk.com\/index.php\/wp-json\/wp\/v2\/pages"}],"about":[{"href":"https:\/\/boztepepembekosk.com\/index.php\/wp-json\/wp\/v2\/types\/page"}],"author":[{"embeddable":true,"href":"https:\/\/boztepepembekosk.com\/index.php\/wp-json\/wp\/v2\/users\/1"}],"replies":[{"embeddable":true,"href":"https:\/\/boztepepembekosk.com\/index.php\/wp-json\/wp\/v2\/comments?post=50"}],"version-history":[{"count":68,"href":"https:\/\/boztepepembekosk.com\/index.php\/wp-json\/wp\/v2\/pages\/50\/revisions"}],"predecessor-version":[{"id":334,"href":"https:\/\/boztepepembekosk.com\/index.php\/wp-json\/wp\/v2\/pages\/50\/revisions\/334"}],"wp:attachment":[{"href":"https:\/\/boztepepembekosk.com\/index.php\/wp-json\/wp\/v2\/media?parent=50"}],"curies":[{"name":"wp","href":"https:\/\/api.w.org\/{rel}","templated":true}]}}